{"id":1448,"date":"2024-10-16T18:11:11","date_gmt":"2024-10-16T18:11:11","guid":{"rendered":"https:\/\/clinicawonderfeel.com\/?page_id=1448"},"modified":"2025-01-09T16:21:37","modified_gmt":"2025-01-09T16:21:37","slug":"formacion","status":"publish","type":"page","link":"https:\/\/clinicawonderfeel.com\/en\/formacion\/","title":{"rendered":"Formaci\u00f3n"},"content":{"rendered":"<div data-elementor-type=\"wp-page\" data-elementor-id=\"1448\" class=\"elementor elementor-1448\" data-elementor-post-type=\"page\">\n\t\t\t\t\t\t<section class=\"elementor-section elementor-top-section elementor-element elementor-element-1a4a5dbb animated-slow elementor-section-boxed elementor-section-height-default elementor-section-height-default elementor-invisible\" data-id=\"1a4a5dbb\" data-element_type=\"section\" data-settings=\"{&quot;background_background&quot;:&quot;classic&quot;,&quot;animation&quot;:&quot;fadeIn&quot;,&quot;background_motion_fx_motion_fx_scrolling&quot;:&quot;yes&quot;,&quot;background_motion_fx_scale_effect&quot;:&quot;yes&quot;,&quot;background_motion_fx_scale_speed&quot;:{&quot;unit&quot;:&quot;px&quot;,&quot;size&quot;:1.5,&quot;sizes&quot;:[]},&quot;background_motion_fx_scale_direction&quot;:&quot;out-in&quot;,&quot;background_motion_fx_scale_range&quot;:{&quot;unit&quot;:&quot;%&quot;,&quot;size&quot;:&quot;&quot;,&quot;sizes&quot;:{&quot;start&quot;:20,&quot;end&quot;:80}},&quot;background_motion_fx_devices&quot;:[&quot;desktop&quot;,&quot;tablet&quot;,&quot;mobile&quot;]}\">\n\t\t\t\t\t\t\t<div class=\"elementor-background-overlay\"><\/div>\n\t\t\t\t\t\t\t<div class=\"elementor-container elementor-column-gap-default\">\n\t\t\t\t\t<div class=\"elementor-column elementor-col-100 elementor-top-column elementor-element elementor-element-b970aa1\" data-id=\"b970aa1\" data-element_type=\"column\">\n\t\t\t<div class=\"elementor-widget-wrap elementor-element-populated\">\n\t\t\t\t\t\t<div class=\"elementor-element elementor-element-2427962 elementor-align-center elementor-widget elementor-widget-button\" data-id=\"2427962\" data-element_type=\"widget\" data-widget_type=\"button.default\">\n\t\t\t\t<div class=\"elementor-widget-container\">\n\t\t\t\t\t\t\t\t\t<div class=\"elementor-button-wrapper\">\n\t\t\t\t\t<a class=\"elementor-button elementor-button-link elementor-size-sm\" href=\"\/en\/cursos-formacion\/\">\n\t\t\t\t\t\t<span class=\"elementor-button-content-wrapper\">\n\t\t\t\t\t\t\t\t\t<span class=\"elementor-button-text\">VER CURSOS DE FORMACI\u00d3N ACTIVOS<\/span>\n\t\t\t\t\t<\/span>\n\t\t\t\t\t<\/a>\n\t\t\t\t<\/div>\n\t\t\t\t\t\t\t\t<\/div>\n\t\t\t\t<\/div>\n\t\t\t\t\t<\/div>\n\t\t<\/div>\n\t\t\t\t\t<\/div>\n\t\t<\/section>\n\t\t\t\t<section class=\"elementor-section elementor-top-section elementor-element elementor-element-27262b1 elementor-section-boxed elementor-section-height-default elementor-section-height-default\" data-id=\"27262b1\" data-element_type=\"section\">\n\t\t\t\t\t\t<div class=\"elementor-container elementor-column-gap-default\">\n\t\t\t\t\t<div class=\"elementor-column elementor-col-100 elementor-top-column elementor-element elementor-element-09e3bd2\" data-id=\"09e3bd2\" data-element_type=\"column\">\n\t\t\t<div class=\"elementor-widget-wrap\">\n\t\t\t\t\t\t\t<\/div>\n\t\t<\/div>\n\t\t\t\t\t<\/div>\n\t\t<\/section>\n\t\t\t\t<section class=\"elementor-section elementor-top-section elementor-element elementor-element-88cf6a2 elementor-section-boxed elementor-section-height-default elementor-section-height-default\" data-id=\"88cf6a2\" data-element_type=\"section\">\n\t\t\t\t\t\t<div class=\"elementor-container elementor-column-gap-default\">\n\t\t\t\t\t<div class=\"elementor-column elementor-col-100 elementor-top-column elementor-element elementor-element-486a2fb\" data-id=\"486a2fb\" data-element_type=\"column\">\n\t\t\t<div class=\"elementor-widget-wrap\">\n\t\t\t\t\t\t\t<\/div>\n\t\t<\/div>\n\t\t\t\t\t<\/div>\n\t\t<\/section>\n\t\t\t\t<section class=\"elementor-section elementor-top-section elementor-element elementor-element-5429281c elementor-section-boxed elementor-section-height-default elementor-section-height-default\" data-id=\"5429281c\" data-element_type=\"section\" data-settings=\"{&quot;background_background&quot;:&quot;classic&quot;}\">\n\t\t\t\t\t\t<div class=\"elementor-container elementor-column-gap-default\">\n\t\t\t\t\t<div class=\"elementor-column elementor-col-100 elementor-top-column elementor-element elementor-element-705dae33\" data-id=\"705dae33\" data-element_type=\"column\" data-settings=\"{&quot;animation&quot;:&quot;none&quot;,&quot;motion_fx_motion_fx_scrolling&quot;:&quot;yes&quot;,&quot;motion_fx_translateX_effect&quot;:&quot;yes&quot;,&quot;motion_fx_translateX_speed&quot;:{&quot;unit&quot;:&quot;px&quot;,&quot;size&quot;:2,&quot;sizes&quot;:[]},&quot;motion_fx_translateX_affectedRange&quot;:{&quot;unit&quot;:&quot;%&quot;,&quot;size&quot;:&quot;&quot;,&quot;sizes&quot;:{&quot;start&quot;:0,&quot;end&quot;:50}},&quot;motion_fx_devices&quot;:[&quot;desktop&quot;,&quot;tablet&quot;,&quot;mobile&quot;]}\">\n\t\t\t<div class=\"elementor-widget-wrap elementor-element-populated\">\n\t\t\t\t\t\t<div class=\"elementor-element elementor-element-6e08eee1 animated-slow elementor-invisible elementor-widget elementor-widget-heading\" data-id=\"6e08eee1\" data-element_type=\"widget\" data-settings=\"{&quot;_animation&quot;:&quot;fadeInRight&quot;,&quot;_animation_delay&quot;:200,&quot;_animation_tablet&quot;:&quot;fadeIn&quot;}\" data-widget_type=\"heading.default\">\n\t\t\t\t<div class=\"elementor-widget-container\">\n\t\t\t\t\t<h2 class=\"elementor-heading-title elementor-size-default\">formaci\u00f3n<\/h2>\t\t\t\t<\/div>\n\t\t\t\t<\/div>\n\t\t\t\t<div class=\"elementor-element elementor-element-40017013 animated-slow elementor-invisible elementor-widget elementor-widget-text-editor\" data-id=\"40017013\" data-element_type=\"widget\" data-settings=\"{&quot;_animation&quot;:&quot;fadeInRight&quot;,&quot;_animation_delay&quot;:300,&quot;_animation_tablet&quot;:&quot;fadeIn&quot;}\" data-widget_type=\"text-editor.default\">\n\t\t\t\t<div class=\"elementor-widget-container\">\n\t\t\t\t\t\t\t\t\t<p class=\"p1\"><span class=\"s1\"><b>Organizando Conocimiento, Creando Oportunidades<\/b><\/span><\/p><p class=\"p1\"><span class=\"s1\"><b>Qui\u00e9nes Somos<\/b><\/span><\/p><p class=\"p1\"><span class=\"s1\">Somos una empresa dedicada a la organizaci\u00f3n y facilitaci\u00f3n de cursos especializados para potenciar el crecimiento profesional y personal a trav\u00e9s de Fundae. Con una pasi\u00f3n por el aprendizaje continuo, nos comprometemos a ofrecer experiencias educativas de calidad que inspiren, motiven y transformen.<\/span><\/p><p class=\"p1\"><span class=\"s1\"><b>Nuestra Misi\u00f3n<\/b><\/span><\/p><p class=\"p1\"><span class=\"s1\">Facilitar el acceso al conocimiento, proporcionando cursos innovadores y relevantes que impulsen el desarrollo de habilidades y promuevan el \u00e9xito en un mundo en constante cambio.<\/span><\/p><p class=\"p1\"><span class=\"s1\">Nos gustar\u00eda proponerte un plan de formaci\u00f3n personalizado que atender\u00e1 a las necesidades que tu empresa tenga actualmente para desarrollarse plenamente. Una estrategia de crecimiento que partir\u00e1 de que tus empleados dispongan de todos los recursos y herramientas para conseguir los objetivos que os hab\u00e9is propuesto para este 2024.\u00a0<\/span><\/p><p class=\"p1\"><span class=\"s1\">Estamos a vuestra disposici\u00f3n <\/span><\/p><p class=\"p1\"><span class=\"s1\"><b>Por Qu\u00e9 Elegirnos<\/b><\/span><\/p><ol class=\"ol1\"><li class=\"li1\"><span class=\"s1\"><b>Variedad de Cursos:<\/b> Ofrecemos una amplia gama de cursos dise\u00f1ados para satisfacer las demandas del mercado actual. Desde habilidades t\u00e9cnicas hasta desarrollo personal, tenemos algo para cada individuo y empresa.<\/span><\/li><li class=\"li1\"><span class=\"s1\"><b>Instructores Expertos:<\/b> Colaboramos con profesionales altamente calificados y experimentados en sus respectivos campos, asegurando la entrega de contenido educativo de alta calidad.<\/span><\/li><li class=\"li1\"><span class=\"s1\"><b>Flexibilidad:<\/b> Entendemos que cada persona tiene su propio ritmo y estilo de aprendizaje. Nuestros cursos est\u00e1n dise\u00f1ados para ser flexibles, permitiendo a los participantes aprender a su propio ritmo.<\/span><\/li><li class=\"li1\"><span class=\"s1\"><b>Tecnolog\u00eda Innovadora:<\/b> Utilizamos plataformas tecnol\u00f3gicas avanzadas para proporcionar una experiencia de aprendizaje en l\u00ednea efectiva y atractiva.<\/span><\/li><li class=\"li1\"><span class=\"s1\"><b>Enfoque Pr\u00e1ctico:<\/b> Nos centramos en la aplicaci\u00f3n pr\u00e1ctica de los conocimientos adquiridos. Nuestros cursos est\u00e1n dise\u00f1ados para preparar a los participantes para los desaf\u00edos del mundo real.<\/span><\/li><\/ol><p class=\"p1\"><span class=\"s1\"><b>Nuestros Servicios<\/b><\/span><\/p><ol class=\"ol1\"><li class=\"li1\"><span class=\"s1\"><b>Cursos Presenciales y en L\u00ednea:<\/b> Ofrecemos opciones flexibles para adaptarnos a las necesidades individuales y empresariales, ya sea en persona o a trav\u00e9s de plataformas en l\u00ednea.<\/span><\/li><li class=\"li1\"><span class=\"s1\"><b>Programas Personalizados:<\/b> Trabajamos estrechamente con empresas para dise\u00f1ar programas de capacitaci\u00f3n personalizados que se alineen con sus metas y requisitos espec\u00edficos.<\/span><\/li><\/ol><p class=\"p1\"><span class=\"s1\"><b>Cont\u00e1ctenos<\/b><\/span><\/p><p class=\"p1\"><span class=\"s1\">Descubra c\u00f3mo puede potenciar su crecimiento a trav\u00e9s de la educaci\u00f3n. \u00a1Cont\u00e1ctenos hoy para explorar las oportunidades de aprendizaje que tenemos para ofrecer!<\/span><\/p>\t\t\t\t\t\t\t\t<\/div>\n\t\t\t\t<\/div>\n\t\t\t\t\t<\/div>\n\t\t<\/div>\n\t\t\t\t\t<\/div>\n\t\t<\/section>\n\t\t\t\t<\/div>","protected":false},"excerpt":{"rendered":"<p>VER CURSOS DE FORMACI\u00d3N ACTIVOS formaci\u00f3n Organizando Conocimiento, Creando Oportunidades Qui\u00e9nes Somos Somos una empresa dedicada a la organizaci\u00f3n y facilitaci\u00f3n de cursos especializados para potenciar el crecimiento profesional y personal a trav\u00e9s de Fundae. Con una pasi\u00f3n por el aprendizaje continuo, nos comprometemos a ofrecer experiencias educativas de calidad que inspiren, motiven y transformen. [&hellip;]<\/p>","protected":false},"author":6,"featured_media":0,"parent":0,"menu_order":0,"comment_status":"closed","ping_status":"closed","template":"","meta":{"footnotes":""},"class_list":["post-1448","page","type-page","status-publish","hentry"],"_links":{"self":[{"href":"https:\/\/clinicawonderfeel.com\/en\/wp-json\/wp\/v2\/pages\/1448","targetHints":{"allow":["GET"]}}],"collection":[{"href":"https:\/\/clinicawonderfeel.com\/en\/wp-json\/wp\/v2\/pages"}],"about":[{"href":"https:\/\/clinicawonderfeel.com\/en\/wp-json\/wp\/v2\/types\/page"}],"author":[{"embeddable":true,"href":"https:\/\/clinicawonderfeel.com\/en\/wp-json\/wp\/v2\/users\/6"}],"replies":[{"embeddable":true,"href":"https:\/\/clinicawonderfeel.com\/en\/wp-json\/wp\/v2\/comments?post=1448"}],"version-history":[{"count":16,"href":"https:\/\/clinicawonderfeel.com\/en\/wp-json\/wp\/v2\/pages\/1448\/revisions"}],"predecessor-version":[{"id":1814,"href":"https:\/\/clinicawonderfeel.com\/en\/wp-json\/wp\/v2\/pages\/1448\/revisions\/1814"}],"wp:attachment":[{"href":"https:\/\/clinicawonderfeel.com\/en\/wp-json\/wp\/v2\/media?parent=1448"}],"curies":[{"name":"wp","href":"https:\/\/api.w.org\/{rel}","templated":true}]}}