{"id":1768,"date":"2024-11-19T09:17:36","date_gmt":"2024-11-19T09:17:36","guid":{"rendered":"https:\/\/clinicawonderfeel.com\/?post_type=product&#038;p=1768"},"modified":"2024-11-19T10:11:03","modified_gmt":"2024-11-19T10:11:03","slug":"curso-dinamicas-sistemicas","status":"publish","type":"product","link":"https:\/\/clinicawonderfeel.com\/en\/product\/curso-dinamicas-sistemicas\/","title":{"rendered":"CURSO DINAMICAS SISTEMICAS"},"content":{"rendered":"<p>Con motivo de la inauguraci\u00f3n de nuestra Cl\u00ednica Wonderfeel en Medina,<br \/>\nte ofrece un Taller Grupal:<\/p>\n<p>Din\u00e1micas Sist\u00e9micas para el BIENESTAR<\/p>\n<p>Facilitado por Beatriz (Constela.es)<br \/>\nInf\u00f3rmate: 640615664<\/p>\n<p>En las relaciones interpersonales se dan con frecuencia situaciones que bloquean avanzar en la vida.<br \/>\nEn este taller podr\u00e1s experimentar, a trav\u00e9s de unas sencillas din\u00e1micas, cu\u00e1l es el orden sist\u00e9mico para fluir en la vida con fuerza, salud, ligereza, abundancia, armon\u00eda&#8230;<br \/>\nCompartiremos, con ejercicios vivenciales pr\u00e1cticos, la sabidur\u00eda de las Leyes Sist\u00e9micas que afectan a todos los \u00e1mbitos de la vida: los \u00d3rdenes del Amor.<\/p>\n<p>Fecha: mi\u00e9rcoles 27 de noviembre<br \/>\nHorario: de ma\u00f1ana (11 a 2) o<br \/>\nMartes 3 de Diciembre<br \/>\nde tarde ( 4 a 7)<br \/>\nLugar: Avenida de las Cortes 13, Medina Sidonia<\/p>","protected":false},"excerpt":{"rendered":"<p>Fecha: mi\u00e9rcoles 27 de noviembre<br \/>\nHorario: de ma\u00f1ana (11 a 2) o<br \/>\nMartes 3 de Diciembre<br \/>\nde tarde ( 4 a 7)<br \/>\nLugar: Avenida de las Cortes 13, Medina Sidonia<\/p>\n<p><a href=\"https:\/\/www.constela.es\/inscripcion-taller\/\">Haz click aqu\u00ed para registrarte.<\/a><\/p>","protected":false},"featured_media":1769,"comment_status":"open","ping_status":"closed","template":"","meta":[],"product_cat":[24],"product_tag":[],"class_list":{"0":"post-1768","1":"product","2":"type-product","3":"status-publish","4":"has-post-thumbnail","6":"product_cat-formacion","8":"first","9":"instock","10":"virtual","11":"purchasable","12":"product-type-simple"},"_links":{"self":[{"href":"https:\/\/clinicawonderfeel.com\/en\/wp-json\/wp\/v2\/product\/1768","targetHints":{"allow":["GET"]}}],"collection":[{"href":"https:\/\/clinicawonderfeel.com\/en\/wp-json\/wp\/v2\/product"}],"about":[{"href":"https:\/\/clinicawonderfeel.com\/en\/wp-json\/wp\/v2\/types\/product"}],"replies":[{"embeddable":true,"href":"https:\/\/clinicawonderfeel.com\/en\/wp-json\/wp\/v2\/comments?post=1768"}],"wp:featuredmedia":[{"embeddable":true,"href":"https:\/\/clinicawonderfeel.com\/en\/wp-json\/wp\/v2\/media\/1769"}],"wp:attachment":[{"href":"https:\/\/clinicawonderfeel.com\/en\/wp-json\/wp\/v2\/media?parent=1768"}],"wp:term":[{"taxonomy":"product_cat","embeddable":true,"href":"https:\/\/clinicawonderfeel.com\/en\/wp-json\/wp\/v2\/product_cat?post=1768"},{"taxonomy":"product_tag","embeddable":true,"href":"https:\/\/clinicawonderfeel.com\/en\/wp-json\/wp\/v2\/product_tag?post=1768"}],"curies":[{"name":"wp","href":"https:\/\/api.w.org\/{rel}","templated":true}]}}